{"id":10,"date":"2017-05-08T16:34:38","date_gmt":"2017-05-08T14:34:38","guid":{"rendered":"http:\/\/folge-meinem-rucksack.de\/?page_id=10"},"modified":"2018-09-22T17:54:27","modified_gmt":"2018-09-22T15:54:27","slug":"ueber-mich-und-diese-seite","status":"publish","type":"page","link":"http:\/\/folge-meinem-rucksack.de\/?page_id=10","title":{"rendered":"\u00dcber mich und diese Seite"},"content":{"rendered":"<p>September 2018<\/p>\n<p>Lieber Leser,<\/p>\n<p>herzlich willkommen (zur\u00fcck?)!<\/p>\n<p>Vielleicht bist du neu auf dieser Seite, vielleicht hast du aber auch schon die L\u00e4nder Ozeaniens mit mir bereist. Wie bereits in meinem letzten Beitrag geschrieben, hat sich der eigentliche Zwecks dieses Blogs erf\u00fcllt. Ich habe meine Auslandsjahr unbeschadet \u00fcberstanden und eine Unmenge unvergesslicher Erfahrungen, Momente, Freundschaften und Begegnungen in meinem Rucksack mit nach hause gebracht.<\/p>\n<p>Nach einem sehr sch\u00f6nen Sommer zuhause zieht es mich nun wieder in die weite Welt hinaus. In Freiburg im Breisgau werde ich Waldwirtschaft und Umwelt studieren.<\/p>\n<p>Umweltschutz liegt mir sehr am Herzen und ich engagiere mich schon seit langem f\u00fcr den Erhalt unseres wundersch\u00f6nen Planeten. In Australien war dies leider nur begrenzt m\u00f6glich, aber ich hatte viel Zeit zum Nachdenken und starte daher jetzt durch.<\/p>\n<p>Meinen Alltag gestalte ich wieder konsequenter nachhaltig, aber es stehen auch viele Aktionen und Treffen an und ich habe noch so einiges mehr vor um die Welt zu retten.<\/p>\n<p>Du bist herzlich eingeladen mitzumachen!<\/p>\n<p>Dieser Reiseblog wird nun zu einem Klimablog, aber immer noch beinhaltet er meine Gedanken, Erlebnisse und alles was ich mit euch teilen m\u00f6chte.<\/p>\n<p>Folge meinem (gr\u00fcnen) Rucksack und wir lassen uns \u00fcberraschen, wo die Reise hingeht.<\/p>\n<p>Ganz liebe Gr\u00fc\u00dfe,<\/p>\n<p>Lara<\/p>\n<p>&nbsp;<\/p>\n<p>&nbsp;<\/p>\n<p>&nbsp;<\/p>\n<p>Juli 2017<\/p>\n<p>Lieber Leser,<\/p>\n<p>ich wei\u00df ja nicht, ob oder wie gut wir uns kennen, daher hast du auf dieser Seite die M\u00f6glichkeit mehr \u00fcber mich, meine Reisepl\u00e4ne und diese Seite zu erfahren.<\/p>\n<p><img decoding=\"async\" src=\"http:\/\/folge-meinem-rucksack.de\/wp-content\/uploads\/2017\/05\/Lara-300x300.jpg\" \/><\/p>\n<p>Mein Name ist Lara, ich bin grade vollj\u00e4hrig geworden, wohne schon immer mit meinen Eltern und Gro\u00dfeltern zusammen in einem kleinen D\u00f6rfchen im Rheinland, mach seit acht Jahren Leichtathletik, habe grade mein Abitur bestanden, engagiere mich f\u00fcr Umweltschutz, genie\u00dfe es Zeit mit Freunden und Familien zu verbringen, versuche Standardtanzen zu lernen, tingel viel und gerne durch die Weltgeschichte, lese selten, aber sehr gerne, genie\u00dfe ab und an ein Powernap und habe mir das Geld f\u00fcr diese Reise als Verk\u00e4uferin auf dem Wochenmarkt verdient.<\/p>\n<p>Ich hatte schon des \u00f6fteren die M\u00f6glichkeit, mal \u00fcber den Tellerrand zu schauen, wof\u00fcr ich sehr dankbar bin. Aber jetzt ist es Zeit, den ganzen Tisch zu verlegen.<\/p>\n<p>Australien. Ein Land, das mich schon sehr lange fasziniert. Der Plan f\u00fcr mein Work&amp;Travel Jahr besteht darin, wie der Name schon sagt, zu arbeiten und sich so das Reisen zu finanzieren, Land und Leute kennen zulernen, einen Berg Erfahrungen, Freundschaften und Momente zu sammel und surfen zu lernen.<\/p>\n<p>Meine Reisepl\u00e4ne beinhalten diverse St\u00e4dte, Natur- und Kultursehensw\u00fcrdigkeiten sowie Inseln Australien und Neuseelands. An einer groben Reiseroute unter Ber\u00fccksichtigung von Jahres- und Regenzeiten arbeite ich zurzeit noch, allerdings ist auch einiges an Raum f\u00fcr Spontanit\u00e4t und &#8222;immer der Nase nach&#8220; eingeplant. Zurzeit stelle ich mir vor, dass ich mein Geld mit Feldarbeit, Arbeit mit Tieren oder aller bestenfalls sogar mit Umweltschutz verdienen k\u00f6nnte. Traumschl\u00f6sser bauen ist ja nicht verboten.<\/p>\n<p>Dieser Blog soll dabei als eine Mischung aus Tagebuch, Reisebericht, Lebenszeichen nach hause und Dokument f\u00fcr die Nachwelt dienen.<\/p>\n<p class=\"hide-if-no-js\">\u00a0Ich w\u00fcrde mich sehr freuen, wenn du mich auf meiner Reise begleitest und meinem Rucksack folgst.<\/p>\n<p>Auf fr\u00f6hliches Weiter- und Wiederlesen,<\/p>\n<p>deine Lara<\/p>\n","protected":false},"excerpt":{"rendered":"<p>September 2018 Lieber Leser, herzlich willkommen (zur\u00fcck?)! Vielleicht bist du neu auf dieser Seite, vielleicht hast du aber auch schon die L\u00e4nder Ozeaniens mit mir bereist. Wie bereits in meinem letzten Beitrag geschrieben, hat sich der eigentliche Zwecks dieses Blogs<\/p>\n","protected":false},"author":1,"featured_media":15,"parent":0,"menu_order":0,"comment_status":"closed","ping_status":"closed","template":"","meta":{"footnotes":""},"class_list":["post-10","page","type-page","status-publish","has-post-thumbnail","hentry"],"_links":{"self":[{"href":"http:\/\/folge-meinem-rucksack.de\/index.php?rest_route=\/wp\/v2\/pages\/10","targetHints":{"allow":["GET"]}}],"collection":[{"href":"http:\/\/folge-meinem-rucksack.de\/index.php?rest_route=\/wp\/v2\/pages"}],"about":[{"href":"http:\/\/folge-meinem-rucksack.de\/index.php?rest_route=\/wp\/v2\/types\/page"}],"author":[{"embeddable":true,"href":"http:\/\/folge-meinem-rucksack.de\/index.php?rest_route=\/wp\/v2\/users\/1"}],"replies":[{"embeddable":true,"href":"http:\/\/folge-meinem-rucksack.de\/index.php?rest_route=%2Fwp%2Fv2%2Fcomments&post=10"}],"version-history":[{"count":6,"href":"http:\/\/folge-meinem-rucksack.de\/index.php?rest_route=\/wp\/v2\/pages\/10\/revisions"}],"predecessor-version":[{"id":704,"href":"http:\/\/folge-meinem-rucksack.de\/index.php?rest_route=\/wp\/v2\/pages\/10\/revisions\/704"}],"wp:featuredmedia":[{"embeddable":true,"href":"http:\/\/folge-meinem-rucksack.de\/index.php?rest_route=\/wp\/v2\/media\/15"}],"wp:attachment":[{"href":"http:\/\/folge-meinem-rucksack.de\/index.php?rest_route=%2Fwp%2Fv2%2Fmedia&parent=10"}],"curies":[{"name":"wp","href":"https:\/\/api.w.org\/{rel}","templated":true}]}}